{"id":16,"date":"2018-02-12T21:01:04","date_gmt":"2018-02-12T21:01:04","guid":{"rendered":"http:\/\/capcinier.com\/?page_id=16"},"modified":"2024-02-27T10:47:13","modified_gmt":"2024-02-27T10:47:13","slug":"16-2","status":"publish","type":"page","link":"https:\/\/aildesours.com\/?page_id=16","title":{"rendered":"Ail des Ours"},"content":{"rendered":"<div id=\"attachment_756\" style=\"width: 160px\" class=\"wp-caption alignright\"><img loading=\"lazy\" decoding=\"async\" aria-describedby=\"caption-attachment-756\" class=\"wp-image-756 size-thumbnail\" src=\"https:\/\/aildesours.com\/wp-content\/uploads\/2018\/02\/Ail-des-ours-5-150x150.jpg\" alt=\"Ail des Ours au pied de la source\" width=\"150\" height=\"150\"><p id=\"caption-attachment-756\" class=\"wp-caption-text\">Ail des Ours au pied de la source<\/p><\/div>\n<p><span style=\"font-size: 14pt; font-family: 'times new roman', times, serif;\"><strong>L&rsquo;ail des ours<\/strong> ou Allium ursinum L. appartient \u00e0 la famille des Alliac\u00e9es.<\/span><\/p>\n<p style=\"text-align: justify;\"><span style=\"font-size: 14pt; font-family: 'times new roman', times, serif;\">Il aime l&rsquo;ombre et la fraicheur, les petites vall\u00e9es, les abords des cours d&rsquo;eau o\u00f9 il profitera des sous-bois avant que ceux-ci ne soient encore effeuill\u00e9s.<\/span><\/p>\n<p style=\"text-align: justify;\"><span style=\"font-size: 14pt; font-family: 'times new roman', times, serif;\">Toutes ces conditions sont r\u00e9unies au<strong> Domaine de Capcinier<\/strong> \u00e0 700 m\u00e8tres d&rsquo;altitude, sur trois hectares au pied d&rsquo;une source et au c\u0153ur de notre for\u00eat, pour le voir r\u00e9apparaitre \u00e0 chaque printemps.<\/span><\/p>\n<p style=\"text-align: justify;\"><span style=\"font-size: 14pt; font-family: 'times new roman', times, serif;\">Il est vivace par son bulbe et produit pendant quelques semaines des feuilles lanc\u00e9ol\u00e9es qui d\u00e9gagent une forte odeur d&rsquo;ail.<\/span><\/p>\n<p style=\"text-align: justify;\"><span style=\"font-size: 14pt; font-family: 'times new roman', times, serif;\">Elles apparaissent d\u00e8s le d\u00e9but du mois de mars et nous les r\u00e9coltons lorsqu&rsquo;elles atteignent une vingtaine de cm de long.<\/span><\/p>\n<div id=\"attachment_758\" style=\"width: 160px\" class=\"wp-caption alignright\"><img loading=\"lazy\" decoding=\"async\" aria-describedby=\"caption-attachment-758\" class=\"wp-image-758 size-thumbnail\" src=\"https:\/\/aildesours.com\/wp-content\/uploads\/2018\/02\/Ail-des-ours-9-150x150.jpg\" alt=\"Fleurs d'Ail des Ours\" width=\"150\" height=\"150\"><p id=\"caption-attachment-758\" class=\"wp-caption-text\">Fleurs d&rsquo;Ail des Ours<\/p><\/div>\n<p style=\"text-align: justify;\"><span style=\"font-size: 14pt; font-family: 'times new roman', times, serif;\">Ensuite apparaissent des boutons floraux et la plante offre de jolies fleurs d&rsquo;un blanc immacul\u00e9 qui donne \u00e0 son tour un fruit ou capsule qui peut contenir jusqu&rsquo;\u00e0 six graines.<\/span><\/p>\n<p style=\"text-align: justify;\"><span style=\"font-size: 14pt; font-family: 'times new roman', times, serif;\">Pratiquement tout est comestible dans la plante, bulbe, feuilles, boutons floraux et fleurs.<\/span><\/p>\n<p style=\"text-align: justify;\"><span style=\"font-size: 14pt; font-family: 'times new roman', times, serif;\"><strong>La l\u00e9gende<\/strong><\/span><\/p>\n<p style=\"text-align: justify;\"><span style=\"font-size: 14pt; font-family: 'times new roman', times, serif;\">Une l\u00e9gende raconte que l&rsquo;ail des ours sort de terre en m\u00eame temps que l\u2019ours sort de sa caverne.&nbsp;L\u2019animal s\u2019en r\u00e9galerait afin de reprendre des forces apr\u00e8s l\u2019hibernation.<\/span><\/p>\n<p style=\"text-align: justify;\"><span style=\"font-size: 14pt; font-family: 'times new roman', times, serif;\">C\u2019est pourquoi la plante a adopt\u00e9 le nom de l\u2019animal embl\u00e9matique des Germains et des Celtes, symbole de force et de fertilit\u00e9.<\/span><\/p>\n<p style=\"text-align: justify;\"><span style=\"font-size: 14pt; font-family: 'times new roman', times, serif;\"><strong>Composition, b\u00e9n\u00e9fices pour la sant\u00e9<\/strong><\/span><\/p>\n<p style=\"text-align: justify;\"><span style=\"font-size: 14pt; font-family: 'times new roman', times, serif;\">Il est consid\u00e9r\u00e9, en m\u00e9decine populaire, que l&rsquo;Ail des ours poss\u00e8de les m\u00eames propri\u00e9t\u00e9s que celles de l&rsquo;ail cultiv\u00e9. On en a retrouv\u00e9 des restes dans des habitations du N\u00e9olithique. Au Moyen \u00c2ge, il \u00e9tait \u00e9galement utilis\u00e9, mais c&rsquo;est au d\u00e9but du XXe si\u00e8cle qu&rsquo;il sera consid\u00e9r\u00e9 en tant qu&rsquo;esp\u00e8ce m\u00e9dicinale. Maria Treben le d\u00e9clinera en 3 formes de pr\u00e9parations diff\u00e9rentes, il sera utilis\u00e9 en cure de d\u00e9sintoxication sous le nom de protocole Klinghardt dans son programme d&rsquo;\u00e9limination des m\u00e9taux lourds et par ailleurs repris par le Docteur Seignalet.<\/span><\/p>\n<p style=\"text-align: justify;\"><span style=\"font-size: 14pt; font-family: 'times new roman', times, serif;\"><strong>L&rsquo;Ail des ours est un puissant&nbsp;<\/strong><\/span><span style=\"font-size: 14pt; font-family: 'times new roman', times, serif;\">antiseptique intestinal et pulmonaire<\/span><br \/>\n<span style=\"font-family: 'times new roman', times, serif;\"> <span style=\"font-size: 14pt;\"> pr\u00e9ventif des infections (grippes&#8230;)<\/span><\/span><\/p>\n<div id=\"attachment_765\" style=\"width: 160px\" class=\"wp-caption alignright\"><img loading=\"lazy\" decoding=\"async\" aria-describedby=\"caption-attachment-765\" class=\"wp-image-765 size-thumbnail\" src=\"https:\/\/aildesours.com\/wp-content\/uploads\/2018\/02\/Ail-des-ours-production-3-150x150.jpg\" alt=\"M\u00e9lange des feuilles de l'Ail des Ours\" width=\"150\" height=\"150\"><p id=\"caption-attachment-765\" class=\"wp-caption-text\">M\u00e9lange des feuilles<\/p><\/div>\n<p style=\"text-align: justify;\"><span style=\"font-family: 'times new roman', times, serif;\"><span style=\"font-size: 14pt;\">d<\/span><span style=\"font-size: 14pt;\">\u00e9puratif&nbsp;<\/span><span style=\"font-size: 14pt;\">sanguin <\/span><span style=\"font-size: 14pt;\">fluidifiant du sang<\/span><\/span><br \/>\n<span style=\"font-family: 'times new roman', times, serif;\"> <span style=\"font-size: 14pt;\"> tonique et stimulant g\u00e9n\u00e9ral <\/span><span style=\"font-size: 14pt;\">vermifuge<\/span><\/span><br \/>\n<span style=\"font-family: 'times new roman', times, serif;\"> <span style=\"font-size: 14pt;\"> action anti-vieillissement&nbsp;<\/span><span style=\"font-size: 14pt; text-align: justify;\">anti-arthritique\u2026<\/span><\/span><\/p>\n<p style=\"text-align: left;\"><span style=\"font-size: 14pt; font-family: 'times new roman', times, serif;\"> Nous apportons un grand soin \u00e0 sa cueillette feuille par feuille \u00e0 l&rsquo;aide de ciseaux.<\/span><\/p>\n<p style=\"text-align: justify;\"><span style=\"font-size: 14pt; font-family: 'times new roman', times, serif;\">Puis, nous l&rsquo;acheminons vers un laboratoire dont nous sommes coop\u00e9rateurs\u202f; pour le broyer avec de l&rsquo;huile d&rsquo;olive certifi\u00e9e bio, du jus de citron et du sel de Gu\u00e9rande afin d&rsquo;obtenir ce m\u00e9lange onctueux qui plait tant \u00e0 nos clients.<\/span><\/p>\n<p style=\"text-align: justify;\"><span style=\"font-family: 'times new roman', times, serif;\"><span style=\"font-size: 14pt;\">Nous l&#8217;empotons et l&rsquo;\u00e9tiquetons avant de le mettre en&nbsp;<\/span><span style=\"font-size: 14pt;\">cartons de 12 pots.<\/span><\/span><\/p>\n<div id=\"attachment_764\" style=\"width: 160px\" class=\"wp-caption alignright\"><img loading=\"lazy\" decoding=\"async\" aria-describedby=\"caption-attachment-764\" class=\"wp-image-764 size-thumbnail\" src=\"https:\/\/aildesours.com\/wp-content\/uploads\/2018\/02\/Ail-des-ours-production-2-150x150.jpg\" alt=\"Empotage de la pr\u00e9paration d'Ail des Ours\" width=\"150\" height=\"150\"><p id=\"caption-attachment-764\" class=\"wp-caption-text\">Empotage de la pr\u00e9paration d&rsquo;Ail des Ours<\/p><\/div>\n<p style=\"text-align: justify;\"><span style=\"font-size: 14pt; font-family: 'times new roman', times, serif;\">Ainsi pr\u00e9par\u00e9, il est devenu un condiment* (substance destin\u00e9e \u00e0 assaisonner, mais pouvant \u00eatre consomm\u00e9e en l\u00e9gume) qui rel\u00e8ve la saveur des pr\u00e9parations culinaires\u2026<\/span><\/p>\n<p style=\"text-align: justify;\"><span style=\"font-size: 14pt; font-family: 'times new roman', times, serif;\">Notre&nbsp;<\/span><span style=\"font-size: 14pt; font-family: 'times new roman', times, serif;\"><strong>AIL DES OURS FRAIS A L&rsquo;HUILE D&rsquo;OLIVE<\/strong> sera utilis\u00e9 tel quel en cuisine frais ou cuit.<\/span><\/p>\n<p style=\"text-align: justify;\"><span style=\"font-size: 14pt; font-family: 'times new roman', times, serif;\">Il est certifi\u00e9 Bio Ecocert puisque enti\u00e8rement pr\u00e9sent sur notre propri\u00e9t\u00e9. Notre ail des ours frais \u00e0 l&rsquo;huile d&rsquo;olive est en vente dans les magasins bio, les \u00e9piceries fines et parfois les lieux fr\u00e9quent\u00e9s par les touristes qui y trouvent l\u00e0 un achat joignant l&rsquo;utile \u00e0 l&rsquo;agr\u00e9able.<\/span><\/p>\n<p style=\"text-align: justify;\"><span style=\"font-size: 14pt; font-family: 'times new roman', times, serif;\">* contrairement \u00e0 un pesto qui est associ\u00e9 \u00e0 des pignons de pins, des amandes\u2026<\/span><\/p>\n<p><a href=\"https:\/\/aildesours.com\/?attachment_id=1641\" rel=\"attachment wp-att-1641\"><img loading=\"lazy\" decoding=\"async\" class=\"wp-image-1641 alignright\" src=\"https:\/\/aildesours.com\/wp-content\/uploads\/2024\/02\/Pot-ADO-198x300.jpeg\" alt=\"Pot Ail des Ours frais \u00e0 l'huile d'olive\" width=\"153\" height=\"232\" srcset=\"https:\/\/aildesours.com\/wp-content\/uploads\/2024\/02\/Pot-ADO-198x300.jpeg 198w, https:\/\/aildesours.com\/wp-content\/uploads\/2024\/02\/Pot-ADO.jpeg 378w\" sizes=\"(max-width: 153px) 100vw, 153px\" \/><\/a><\/p>\n<p style=\"text-align: center;\"><em>Prix d&rsquo;un pot d&rsquo;Ail des Ours frais \u00e0 l&rsquo;huile d&rsquo;olive de haute qualit\u00e9 mono vari\u00e9tale <\/em><em>de 180 g.<br \/>\n<\/em><em>Certifi\u00e9 agriculture biologique<br \/>\n<\/em><em>8,50 \u20ac<br \/>\n<\/em><em>Tarif d\u00e9gressif selon quantit\u00e9 par carton de 12 pots,<br \/>\n<\/em><em>nous contacter pour recevoir nos tarifs :<br \/>\n<\/em><em>04 68 40 72 08<\/em><\/p>\n","protected":false},"excerpt":{"rendered":"<p>L&rsquo;ail des ours ou Allium ursinum L. appartient \u00e0 la famille des Alliac\u00e9es. Il aime l&rsquo;ombre et la fraicheur, les petites vall\u00e9es, les abords des cours d&rsquo;eau o\u00f9 il profitera des sous-bois avant que ceux-ci ne soient encore effeuill\u00e9s. Toutes ces conditions sont r\u00e9unies au Domaine de Capcinier \u00e0 700 m\u00e8tres d&rsquo;altitude, sur trois hectares [&hellip;]<\/p>\n","protected":false},"author":1,"featured_media":0,"parent":0,"menu_order":0,"comment_status":"closed","ping_status":"closed","template":"","meta":{"ngg_post_thumbnail":0,"footnotes":""},"class_list":["post-16","page","type-page","status-publish","hentry"],"_links":{"self":[{"href":"https:\/\/aildesours.com\/index.php?rest_route=\/wp\/v2\/pages\/16"}],"collection":[{"href":"https:\/\/aildesours.com\/index.php?rest_route=\/wp\/v2\/pages"}],"about":[{"href":"https:\/\/aildesours.com\/index.php?rest_route=\/wp\/v2\/types\/page"}],"author":[{"embeddable":true,"href":"https:\/\/aildesours.com\/index.php?rest_route=\/wp\/v2\/users\/1"}],"replies":[{"embeddable":true,"href":"https:\/\/aildesours.com\/index.php?rest_route=%2Fwp%2Fv2%2Fcomments&post=16"}],"version-history":[{"count":51,"href":"https:\/\/aildesours.com\/index.php?rest_route=\/wp\/v2\/pages\/16\/revisions"}],"predecessor-version":[{"id":1654,"href":"https:\/\/aildesours.com\/index.php?rest_route=\/wp\/v2\/pages\/16\/revisions\/1654"}],"wp:attachment":[{"href":"https:\/\/aildesours.com\/index.php?rest_route=%2Fwp%2Fv2%2Fmedia&parent=16"}],"curies":[{"name":"wp","href":"https:\/\/api.w.org\/{rel}","templated":true}]}}