{"id":2,"date":"2018-02-12T20:50:42","date_gmt":"2018-02-12T20:50:42","guid":{"rendered":"http:\/\/capcinier.com\/?page_id=2"},"modified":"2023-01-16T21:54:27","modified_gmt":"2023-01-16T21:54:27","slug":"sample-page","status":"publish","type":"page","link":"https:\/\/aildesours.com\/?page_id=2","title":{"rendered":"Accueil"},"content":{"rendered":"<p style=\"text-align: justify;\"><span style=\"font-size: 14pt; font-family: 'times new roman', times, serif;\"><strong>Le Domaine de Capcinier<\/strong> est situ\u00e9 au Col du Paradis et tout&nbsp;porte \u00e0 croire qu&rsquo;il en fait partie.<\/span><\/p>\n<div id=\"attachment_857\" style=\"width: 160px\" class=\"wp-caption alignright\"><img loading=\"lazy\" decoding=\"async\" aria-describedby=\"caption-attachment-857\" class=\"wp-image-857 size-thumbnail\" src=\"https:\/\/aildesours.com\/wp-content\/uploads\/2018\/02\/Lac-10-150x150.jpg\" alt=\"Le lac au coucher du soleil\" width=\"150\" height=\"150\"><p id=\"caption-attachment-857\" class=\"wp-caption-text\">Le lac au coucher du soleil<\/p><\/div>\n<p style=\"text-align: justify;\"><span style=\"font-size: 14pt; font-family: 'times new roman', times, serif;\">Son lac, ses for\u00eats et ses prairies forment un ensemble unique, ses 10 km de chemins sillonnent la propri\u00e9t\u00e9 \u00e0 la red\u00e9couverte des odeurs de&nbsp;<\/span><span style=\"font-size: 14pt; font-family: 'times new roman', times, serif;\">la nature, du bruissement des feuillages, des conversations des oiseaux,<\/span><\/p>\n<p style=\"text-align: justify;\"><span style=\"font-size: 14pt; font-family: 'times new roman', times, serif;\">Les animaux de la ferme s&rsquo;approchent avec confiance. Qu&rsquo;ils soient des moutons, des \u00e2nes, des chiens, ils aiment \u00e0 \u00eatre caress\u00e9s.<\/span><\/p>\n<p style=\"text-align: justify;\"><span style=\"font-size: 14pt; font-family: 'times new roman', times, serif;\">Le potager offre en saison une nourriture abondante et la basse-cour ses \u0153ufs quotidiens.<\/span><\/p>\n<p style=\"text-align: justify;\"><span style=\"font-size: 14pt; font-family: 'times new roman', times, serif;\">Les nombreux arbres fruitiers plant\u00e9s quelques ann\u00e9es plus t\u00f4t offrent des fruits vari\u00e9s mais leur jeunesse en r\u00e9duit encore la r\u00e9colte alors que les pommiers anciens donnent abondamment leurs fruits auxquels les noyers et framboisiers s&rsquo;associent.<\/span><\/p>\n<div id=\"attachment_858\" style=\"width: 160px\" class=\"wp-caption alignleft\"><img loading=\"lazy\" decoding=\"async\" aria-describedby=\"caption-attachment-858\" class=\"wp-image-858 size-thumbnail\" src=\"https:\/\/aildesours.com\/wp-content\/uploads\/2018\/02\/Lac-11-150x150.jpg\" alt=\"Le lac au lever du soleil\" width=\"150\" height=\"150\"><p id=\"caption-attachment-858\" class=\"wp-caption-text\">Le lac au lever du soleil<\/p><\/div>\n<p style=\"text-align: justify;\"><span style=\"font-size: 14pt; font-family: 'times new roman', times, serif;\">Sa situation dans le p\u00e9rim\u00e8tre Natura 2000 et l&rsquo;\u00e9cosyst\u00e8me du lieu garantissent une palette abondante&nbsp;d&rsquo;esp\u00e8ces de fleurs&nbsp;sauvages, une grande vari\u00e9t\u00e9 d&rsquo;arbres et le soir si le ciel est d\u00e9couvert, le ciel \u00e9toil\u00e9 enchante les soir\u00e9es.<\/span><\/p>\n","protected":false},"excerpt":{"rendered":"<p>Le Domaine de Capcinier est situ\u00e9 au Col du Paradis et tout&nbsp;porte \u00e0 croire qu&rsquo;il en fait partie. Son lac, ses for\u00eats et ses prairies forment un ensemble unique, ses 10 km de chemins sillonnent la propri\u00e9t\u00e9 \u00e0 la red\u00e9couverte des odeurs de&nbsp;la nature, du bruissement des feuillages, des conversations des oiseaux, Les animaux de [&hellip;]<\/p>\n","protected":false},"author":1,"featured_media":0,"parent":0,"menu_order":0,"comment_status":"closed","ping_status":"open","template":"","meta":{"ngg_post_thumbnail":0,"footnotes":""},"class_list":["post-2","page","type-page","status-publish","hentry"],"_links":{"self":[{"href":"https:\/\/aildesours.com\/index.php?rest_route=\/wp\/v2\/pages\/2"}],"collection":[{"href":"https:\/\/aildesours.com\/index.php?rest_route=\/wp\/v2\/pages"}],"about":[{"href":"https:\/\/aildesours.com\/index.php?rest_route=\/wp\/v2\/types\/page"}],"author":[{"embeddable":true,"href":"https:\/\/aildesours.com\/index.php?rest_route=\/wp\/v2\/users\/1"}],"replies":[{"embeddable":true,"href":"https:\/\/aildesours.com\/index.php?rest_route=%2Fwp%2Fv2%2Fcomments&post=2"}],"version-history":[{"count":23,"href":"https:\/\/aildesours.com\/index.php?rest_route=\/wp\/v2\/pages\/2\/revisions"}],"predecessor-version":[{"id":1527,"href":"https:\/\/aildesours.com\/index.php?rest_route=\/wp\/v2\/pages\/2\/revisions\/1527"}],"wp:attachment":[{"href":"https:\/\/aildesours.com\/index.php?rest_route=%2Fwp%2Fv2%2Fmedia&parent=2"}],"curies":[{"name":"wp","href":"https:\/\/api.w.org\/{rel}","templated":true}]}}