{"id":21,"date":"2018-02-12T21:03:23","date_gmt":"2018-02-12T21:03:23","guid":{"rendered":"http:\/\/capcinier.com\/?page_id=21"},"modified":"2023-02-09T16:13:27","modified_gmt":"2023-02-09T16:13:27","slug":"a-propos","status":"publish","type":"page","link":"https:\/\/aildesours.com\/?page_id=21","title":{"rendered":"A propos"},"content":{"rendered":"<p>&nbsp;<\/p>\n<div id=\"attachment_1148\" style=\"width: 160px\" class=\"wp-caption alignright\"><a href=\"https:\/\/aildesours.com\/wp-content\/uploads\/2018\/02\/Cassini-Capcinier.jpg\" target=\"_blank\" rel=\"noopener\"><img loading=\"lazy\" decoding=\"async\" aria-describedby=\"caption-attachment-1148\" class=\"wp-image-1148 size-thumbnail\" title=\"Capcinier carte de Cassini 1750\" src=\"https:\/\/aildesours.com\/wp-content\/uploads\/2018\/02\/Cassini-Capcinier-1-150x150.jpg\" alt=\"Capcinier carte de Cassini 1750\" width=\"150\" height=\"150\"><\/a><p id=\"caption-attachment-1148\" class=\"wp-caption-text\">Capcinier carte de Cassini 1750<\/p><\/div>\n<p><span style=\"font-size: large;\"><strong><span style=\"font-size: 14pt; font-family: 'times new roman', times, serif;\">Le Domaine de Capcinier<\/span><\/strong><span style=\"font-size: 14pt; font-family: 'times new roman', times, serif;\"> apparait sur la carte de <strong>Cassini<\/strong> de 1750, portant le nom \u00e0 cette \u00e9poque de \u00ab\u00a0Capsini\u00e9\u00a0\u00bb. Il y a pr\u00e8s de <strong>300 ans<\/strong>, elle \u00e9tait d\u00e9j\u00e0 une ferme. <\/span><\/span><span style=\"font-size: 14pt; font-family: 'times new roman', times, serif;\">Il semblerait que la construction ait \u00e9t\u00e9 \u00e9difi\u00e9e quelques si\u00e8cles auparavant.<\/span><\/p>\n<p><span style=\"font-size: 14pt; font-family: 'times new roman', times, serif;\">Jusqu&rsquo;au milieu du 20\u1d49 si\u00e8cle, l&rsquo;endroit \u00e9tait d\u00e9di\u00e9 \u00e0 l&rsquo;\u00e9levage puis vendue vers 1980 et transform\u00e9e en r\u00e9sidence secondaire.<\/span><\/p>\n<p><span style=\"font-size: 14pt; font-family: 'times new roman', times, serif;\">Nous avons acquis le lieu en 2011, lui redonnant sa vocation de ferme paysanne. <\/span><\/p>\n<div id=\"attachment_960\" style=\"width: 160px\" class=\"wp-caption alignright\"><img loading=\"lazy\" decoding=\"async\" aria-describedby=\"caption-attachment-960\" class=\"wp-image-960 size-thumbnail\" src=\"https:\/\/aildesours.com\/wp-content\/uploads\/2018\/02\/Chemins-creation-3-150x150.jpg\" alt=\"Cr\u00e9ation de chemins\" width=\"150\" height=\"150\"><p id=\"caption-attachment-960\" class=\"wp-caption-text\">Cr\u00e9ation de chemins<\/p><\/div>\n<p><span style=\"font-size: 14pt; font-family: 'times new roman', times, serif;\">Nous avons cr\u00e9\u00e9 des terrasses <i>\u00e0 l&rsquo;aide d&rsquo;un engin appropri\u00e9<\/i>, sur lesquelles nous avons plant\u00e9 une grande vari\u00e9t\u00e9 d&rsquo;arbres fruitiers, arbres divers et arbustes.<\/span><\/p>\n<p><span style=\"font-size: 14pt; font-family: 'times new roman', times, serif;\">Nous avons am\u00e9nag\u00e9 des potagers pour lesquels il nous a fallu retirer plusieurs tonnes de cailloux et pierres, cr\u00e9\u00e9 des jardins sur butte.<\/span><\/p>\n<p style=\"text-align: justify;\"><span style=\"font-size: 14pt; font-family: 'times new roman', times, serif;\">Un lac a \u00e9t\u00e9 creus\u00e9 au fond de la vall\u00e9e afin d&rsquo;y abreuver les animaux de nos prairies, donner plus de vie \u00e0 l&rsquo;\u00e9cosyst\u00e8me, cr\u00e9er une harmonie du paysage. <\/span><\/p>\n<p style=\"text-align: justify;\"><span style=\"font-size: 14pt; font-family: 'times new roman', times, serif;\">Depuis sa cr\u00e9ation, nous voyons un plus grand nombre d&rsquo;oiseaux, de batraciens, de petits mammif\u00e8res.<\/span><\/p>\n<p style=\"text-align: justify;\"><span style=\"font-family: 'times new roman', times, serif; font-size: 14pt;\">Nous avons re-capt\u00e9 la source principale, ce qui approvisionne la maison en une eau de qualit\u00e9. Elle permet \u00e9galement l&rsquo;abreuvage des animaux, etc.<\/span><\/p>\n<p style=\"text-align: justify;\"><span style=\"font-size: 14pt; font-family: 'times new roman', times, serif;\">Nous avons r\u00e9nov\u00e9 la maison afin de la rendre plus confortable et l&rsquo;adapter \u00e0 notre go\u00fbt.<\/span><\/p>\n<p style=\"text-align: justify;\"><span style=\"font-size: 14pt; font-family: 'times new roman', times, serif;\">Enfin, avec la cr\u00e9ation de 9,5 km de chemins correspondent \u00e0 diff\u00e9rentes vocations : utilis\u00e9s au d\u00e9bardage, tenant lieu de coupe-feu, facilitant l&rsquo;acheminement des animaux \u00e0 leurs parcs pour la rotation des p\u00e2tures, emprunt\u00e9s pour les promenades et d\u00e9couverte de nos paysages.<\/span><\/p>\n<p><span style=\"font-size: 14pt; font-family: 'times new roman', times, serif;\">Enfin, ce site internet, <\/span><span style=\"font-size: 14pt; font-family: 'times new roman', times, serif;\">nous r\u00e9jouit de pouvoir vous faire partager notre vie simple, mais pleine de gratitude pour ce lieu enchanteur\u2026<\/span><\/p>\n","protected":false},"excerpt":{"rendered":"<p>&nbsp; Le Domaine de Capcinier apparait sur la carte de Cassini de 1750, portant le nom \u00e0 cette \u00e9poque de \u00ab\u00a0Capsini\u00e9\u00a0\u00bb. Il y a pr\u00e8s de 300 ans, elle \u00e9tait d\u00e9j\u00e0 une ferme. Il semblerait que la construction ait \u00e9t\u00e9 \u00e9difi\u00e9e quelques si\u00e8cles auparavant. Jusqu&rsquo;au milieu du 20\u1d49 si\u00e8cle, l&rsquo;endroit \u00e9tait d\u00e9di\u00e9 \u00e0 l&rsquo;\u00e9levage puis [&hellip;]<\/p>\n","protected":false},"author":1,"featured_media":0,"parent":0,"menu_order":0,"comment_status":"closed","ping_status":"closed","template":"","meta":{"ngg_post_thumbnail":0,"footnotes":""},"class_list":["post-21","page","type-page","status-publish","hentry"],"_links":{"self":[{"href":"https:\/\/aildesours.com\/index.php?rest_route=\/wp\/v2\/pages\/21"}],"collection":[{"href":"https:\/\/aildesours.com\/index.php?rest_route=\/wp\/v2\/pages"}],"about":[{"href":"https:\/\/aildesours.com\/index.php?rest_route=\/wp\/v2\/types\/page"}],"author":[{"embeddable":true,"href":"https:\/\/aildesours.com\/index.php?rest_route=\/wp\/v2\/users\/1"}],"replies":[{"embeddable":true,"href":"https:\/\/aildesours.com\/index.php?rest_route=%2Fwp%2Fv2%2Fcomments&post=21"}],"version-history":[{"count":26,"href":"https:\/\/aildesours.com\/index.php?rest_route=\/wp\/v2\/pages\/21\/revisions"}],"predecessor-version":[{"id":1576,"href":"https:\/\/aildesours.com\/index.php?rest_route=\/wp\/v2\/pages\/21\/revisions\/1576"}],"wp:attachment":[{"href":"https:\/\/aildesours.com\/index.php?rest_route=%2Fwp%2Fv2%2Fmedia&parent=21"}],"curies":[{"name":"wp","href":"https:\/\/api.w.org\/{rel}","templated":true}]}}