{"id":68,"date":"2018-02-12T22:17:58","date_gmt":"2018-02-12T22:17:58","guid":{"rendered":"http:\/\/capcinier.com\/?page_id=68"},"modified":"2024-08-06T17:05:16","modified_gmt":"2024-08-06T17:05:16","slug":"seve-de-bouleau","status":"publish","type":"page","link":"https:\/\/aildesours.com\/?page_id=68","title":{"rendered":"S\u00e8ve de Bouleau"},"content":{"rendered":"\n<figure class=\"wp-block-image size-large\"><a href=\"https:\/\/aildesours.com\/wp-content\/uploads\/2024\/02\/Ecocert_Certificat_2025.pdf\"><img decoding=\"async\" src=\"https:\/\/aildesours.com\/wp-content\/uploads\/2024\/02\/Ecocert_Certificat_2025.pdf\" alt=\"\"\/><\/a><\/figure>\n\n\n<p style=\"text-align: center;\"><em><span style=\"font-size: 18pt;\"><strong><span style=\"font-size: 14pt;\"><span style=\"color: #339966;\">Tarif et exp\u00e9dition fin de page.<\/span><br>Pour commander notre S\u00e8ve de Bouleau :<br><\/span><\/strong><\/span><\/em><em><span style=\"font-size: 18pt;\"><strong><span style=\"font-size: 14pt;\">04 68 40 72 08 <\/span><br><\/strong><\/span><\/em><\/p>\n<p style=\"text-align: justify;\"><span style=\"font-size: 14pt; font-family: 'times new roman', times, serif;\"><strong>La s\u00e8ve de bouleau<\/strong> ou eau de bouleau est le liquide <\/span><span style=\"font-size: 14pt; font-family: 'times new roman', times, serif;\">nourricier ascendant de l&rsquo;arbre, \u00e0 ne pas confondre avec le jus de bouleau qui est une d\u00e9coction des feuilles.<\/span><\/p>\n<p style=\"text-align: justify;\"><span style=\"font-size: 14pt; font-family: 'times new roman', times, serif;\">C&rsquo;est un liquide vivant (95\u2009% d&rsquo;eau) au go\u00fbt l\u00e9g\u00e8rement sucr\u00e9. Pour la r\u00e9colter, nous per\u00e7ons un petit trou dans le tronc de l&rsquo;arbre pour le relier au contenant de r\u00e9colte. Cette r\u00e9colte n\u2019\u00e9puise pas l\u2019arbre, d\u00e8s lors que nous limitons notre ponction qui d\u00e9pend de son \u00e2ge.<\/span><\/p>\n<p style=\"text-align: justify;\"><span style=\"font-size: 14pt; font-family: 'times new roman', times, serif;\"><strong>Depuis 2004, nous la r\u00e9coltons artisanalement<\/strong> \u00e0 partir de d\u00e9but mars dans notre for\u00eat jusqu&rsquo;au d\u00e9but du mois d&rsquo;avril.<\/span><\/p>\n<p style=\"text-align: justify;\"><span style=\"font-size: 14pt; font-family: 'times new roman', times, serif;\"><strong>Elle est utilis\u00e9e depuis l&rsquo;antiquit\u00e9<\/strong> et depuis des si\u00e8cles en Europe du Nord et centrale o\u00f9 la population l&#8217;employait pour \u00ab\u00a0nettoyer leur sang et pr\u00e9parer leur organisme aux changements de saison\u00a0\u00bb.<\/span><\/p>\n<p style=\"text-align: justify;\"><span style=\"font-size: 14pt; font-family: 'times new roman', times, serif;\"><strong>Traditionnellement, la cure de s\u00e8ve de bouleau<\/strong> est conseill\u00e9e au printemps pour son caract\u00e8re :<\/span><\/p>\n<p style=\"text-align: justify;\"><span style=\"font-size: 14pt; font-family: 'times new roman', times, serif;\"><strong>Draineur<\/strong> : favorise le drainage et l\u2019\u00e9limination des d\u00e9chets acides de l\u2019organisme, poss\u00e8de une action anti-inflammatoire et anti-douleurs et favorise la souplesse des articulations.<br><\/span><br><span style=\"font-size: 14pt; font-family: 'times new roman', times, serif;\"> <strong> Stimulant le m\u00e9tabolisme et d\u00e9toxifiant<\/strong> le corps en douceur (ecz\u00e9ma, acn\u00e9, dartres, psoriasis&#8230;)<\/span><\/p>\n<p style=\"text-align: justify;\"><span style=\"font-size: 14pt; font-family: 'times new roman', times, serif;\"><strong> Remin\u00e9ralisant:<\/strong> Calcium (Ca), Cuivre (Cu), Fer (Fe), Magn\u00e9sium (Mg), Mangan\u00e8se (Mn), Phosphore (P), Potassium (K), Sodium (Na), Zinc (Zn) et<\/span><span style=\"font-size: 14pt; font-family: 'times new roman', times, serif;\">17 acides amin\u00e9es dont l\u2019acide glutaminque, Salicylate de m\u00e9thyle, Silicium organique, Flavono\u00efdes, Mucilages, S\u00e9l\u00e9nium, Molybd\u00e8ne, Chrome.<\/span><\/p>\n<p style=\"text-align: justify;\"><span style=\"font-size: 14pt; font-family: 'times new roman', times, serif;\"> <strong> Tonique, revitaliseur d\u2019\u00e9nergie<\/strong> par sa teneur en vitamines A, E, D3, C, B1, B2, B3, B5, B6, B8, B9, B12, K1, PP.<\/span><br><span style=\"font-size: 14pt; font-family: 'times new roman', times, serif;\"> On lui pr\u00eate \u00e9galement la vertu de favoriser l\u2019\u00e9limination des parasites&nbsp;intestinaux .<\/span><\/p>\n<p><strong>Ainsi que la B\u00e9tuline<\/strong> sp\u00e9cifique au bouleau.<\/p>\n<p style=\"text-align: justify;\"><span style=\"font-size: 14pt; font-family: 'times new roman', times, serif;\">Pour assurer l&rsquo;apport min\u00e9ralisant de la s\u00e8ve il est recommand\u00e9 de prendre <strong>1 verre par jour (15 cl) le matin, \u00e0 jeun pendant 3 semaines.<\/strong> Une cure n\u00e9cessite 3 litres. Toutefois, la cure peut se prolonger au-del\u00e0 sachant que les derni\u00e8res productions sont souvent d\u00e9but avril dans notre r\u00e9gion.<br><\/span><\/p>\n<p style=\"text-align: justify;\"><span style=\"font-size: 14pt; font-family: 'times new roman', times, serif;\">Nous avons choisi le conditionnement en BIB (poches prot\u00e9g\u00e9es par un carton).&nbsp;Elle est <strong>\u00e0 conserver au r\u00e9frig\u00e9rateur entre 2 et 4\u00b0<\/strong> et \u00e0 consommer dans les 3 semaines apr\u00e8s ouverture<\/span><\/p>\n<p style=\"text-align: justify;\"><span style=\"font-size: 14pt; font-family: 'times new roman', times, serif;\">Si on ne souhaite pas la consommer trop froide, il est conseill\u00e9 de remplir un verre de s\u00e8ve fraiche le soir et la laisser la nuit \u00e0 temp\u00e9rature ambiante.<\/span><\/p>\n<p style=\"text-align: justify;\"><span style=\"font-size: 14pt; font-family: 'times new roman', times, serif;\">Parfois, au bout de quelques jours, la s\u00e8ve se trouble et un go\u00fbt l\u00e9g\u00e8rement acidul\u00e9 appara\u00eet.<\/span><\/p>\n<p style=\"text-align: justify;\"><span style=\"font-size: 14pt; font-family: 'times new roman', times, serif;\">Son \u00e9volution continue. Il s&rsquo;agit d&rsquo;une fermentation qui fait partie du processus normal : elle permet une meilleure assimilation des nutriments contenus dans la s\u00e8ve.<\/span><\/p>\n<p style=\"text-align: justify;\"><span style=\"font-size: 14pt; font-family: 'times new roman', times, serif;\">\u00c0 la fin de la r\u00e9colte de s\u00e8ve de bouleau, nous rebouchons soigneusement avec une petite cheville en bois recouverte d&rsquo;un \u00ab\u00a0pansement\u00a0\u00bb d&rsquo;argile. Cela assure une parfaite cicatrisation de l&rsquo;arbre<\/span><\/p>\n<p style=\"text-align: justify;\"><span style=\"font-size: 14pt; font-family: 'times new roman', times, serif;\">Diff\u00e9rence : le jus de bouleau n\u2019a rien d\u2019un jus, il s&rsquo;agit en fait d&rsquo;une d\u00e9coction de feuilles. Il est certes drainant mais la s\u00e8ve de bouleau apportera la vitalit\u00e9 en plus.<\/span><\/p>\n<hr>\n<p style=\"text-align: center;\"><em><span style=\"font-family: times\\ new\\ roman, times, serif; font-size: 14pt;\"><strong>Certifi\u00e9 Agriculture Biologique<br><\/strong><\/span><\/em><strong><span style=\"font-family: times\\ new\\ roman, times, serif; font-size: 14pt; color: #000000;\"><span style=\"color: #ff0000;\">30 \u20ac&nbsp;<\/span> le BIB de 3 litres \u00e0 la ferme<\/span><\/strong><\/p>\n<p style=\"text-align: center;\"><strong><span style=\"color: #000000; font-family: times\\ new\\ roman, times, serif; font-size: 14pt;\">Nous avons 3 conditionnements en exp\u00e9dition par Colissimo&nbsp;:<br><\/span><\/strong><strong><span style=\"font-family: times\\ new\\ roman, times, serif; font-size: 14pt; color: #000000;\"><span style=\"color: #ff0000;\">45 \u20ac<\/span> pour 1 BIB<\/span><\/strong><br><strong><span style=\"font-family: times\\ new\\ roman, times, serif; font-size: 14pt; color: #000000;\"><span style=\"color: #ff0000;\"> 80 \u20ac<\/span> pour 2 BIB<\/span><\/strong><br><strong><span style=\"color: #339966;\"><span style=\"font-family: 'times new roman', times, serif; font-size: 14pt;\"><span style=\"color: #ff0000;\">&nbsp;100 \u20ac<\/span> <span style=\"color: #000000;\">pour 3 BIB<\/span><\/span><\/span><\/strong><\/p>\n<p>&nbsp;<\/p>\n<p><a href=\"https:\/\/aildesours.com\/wp-content\/uploads\/2024\/08\/FR-BIO-01.250-0044098.2024.002-E_FR_Certificat_PROD-1.pdf\"><span style=\"color: #008000;\"><strong><em>Certificat Biologique<\/em><\/strong><\/span><\/a><\/p>\n<p>&nbsp;<\/p>\n\n","protected":false},"excerpt":{"rendered":"<p>Tarif et exp\u00e9dition fin de page.Pour commander notre S\u00e8ve de Bouleau :04 68 40 72 08 La s\u00e8ve de bouleau ou eau de bouleau est le liquide nourricier ascendant de l&rsquo;arbre, \u00e0 ne pas confondre avec le jus de bouleau qui est une d\u00e9coction des feuilles. C&rsquo;est un liquide vivant (95\u2009% d&rsquo;eau) au go\u00fbt l\u00e9g\u00e8rement [&hellip;]<\/p>\n","protected":false},"author":1,"featured_media":0,"parent":0,"menu_order":0,"comment_status":"closed","ping_status":"closed","template":"","meta":{"ngg_post_thumbnail":0,"footnotes":""},"class_list":["post-68","page","type-page","status-publish","hentry"],"_links":{"self":[{"href":"https:\/\/aildesours.com\/index.php?rest_route=\/wp\/v2\/pages\/68"}],"collection":[{"href":"https:\/\/aildesours.com\/index.php?rest_route=\/wp\/v2\/pages"}],"about":[{"href":"https:\/\/aildesours.com\/index.php?rest_route=\/wp\/v2\/types\/page"}],"author":[{"embeddable":true,"href":"https:\/\/aildesours.com\/index.php?rest_route=\/wp\/v2\/users\/1"}],"replies":[{"embeddable":true,"href":"https:\/\/aildesours.com\/index.php?rest_route=%2Fwp%2Fv2%2Fcomments&post=68"}],"version-history":[{"count":95,"href":"https:\/\/aildesours.com\/index.php?rest_route=\/wp\/v2\/pages\/68\/revisions"}],"predecessor-version":[{"id":1661,"href":"https:\/\/aildesours.com\/index.php?rest_route=\/wp\/v2\/pages\/68\/revisions\/1661"}],"wp:attachment":[{"href":"https:\/\/aildesours.com\/index.php?rest_route=%2Fwp%2Fv2%2Fmedia&parent=68"}],"curies":[{"name":"wp","href":"https:\/\/api.w.org\/{rel}","templated":true}]}}